{"id":10509,"date":"2023-10-10T16:01:12","date_gmt":"2023-10-10T14:01:12","guid":{"rendered":"https:\/\/www.photobylaurent.com\/?page_id=10509"},"modified":"2025-06-10T09:12:48","modified_gmt":"2025-06-10T07:12:48","slug":"livres-books","status":"publish","type":"page","link":"https:\/\/www.photobylaurent.com\/index.php\/livres-books\/","title":{"rendered":"Livres\/Books"},"content":{"rendered":"\n<figure class=\"wp-block-embed aligncenter is-type-video is-provider-vimeo wp-block-embed-vimeo\"><div class=\"wp-block-embed__wrapper\">\n<iframe loading=\"lazy\" title=\"Diptyque &quot;Fade et Salvation&quot; \/ &quot;Fade and &quot;Salvation&quot; diptych\" src=\"https:\/\/player.vimeo.com\/video\/872843638?dnt=1&amp;app_id=122963\" width=\"756\" height=\"756\" frameborder=\"0\" allow=\"autoplay; fullscreen; picture-in-picture; clipboard-write; encrypted-media\"><\/iframe>\n<\/div><\/figure>\n\n\n\n<p>J&rsquo;ai pass\u00e9 une partie de l&rsquo;ann\u00e9e 2023 \u00e0 travailler sur les deux livres de mon diptyque \u00ab\u00a0Fade &amp; Salvation\u00a0\u00bb. Ils sont disponibles \u00e0 la vente depuis septembre 2023.<\/p>\n\n\n\n<p>Je remercie tous ceux qui ont d\u00e9cid\u00e9 de se les procurer. C&rsquo;est un vrai plaisir de savoir qu&rsquo;ils ont rejoint les biblioth\u00e8ques d&rsquo;amateurs de livres et de photos aux 4 coins du monde (USA, France, Belgique, Portugal, Belgique, Espagne, Mexique&#8230;). Merci pour votre soutien, une aide pr\u00e9cieuse ainsi qu&rsquo;une belle reconnaissance pour mon travail !<\/p>\n\n\n\n<p>Fade et Salvation ont \u00e9t\u00e9 cr\u00e9\u00e9s en auto-\u00e9dition, sans sponsors, crowdfunding ou subventions. Il s&rsquo;agit d&rsquo;un investissement personnel total. Un d\u00e9fi, un vrai pari !<\/p>\n\n\n\n<p>Ces ouvrages sont la derni\u00e8re \u00e9tape d&rsquo;un projet photographique qui m&rsquo;a pris 2 ans. Les s\u00e9ries \u00ab\u00a0Fade and Salvation\u00a0\u00bb ont \u00e9t\u00e9 tr\u00e8s bien accueillies (par le public, la presse, les lieux d&rsquo;exposition) et continueront \u00e0 \u00eatre pr\u00e9sent\u00e9es en 2023, 2024 et plus encore !<br><br>Quelques d\u00e9tails :<\/p>\n\n\n\n<ul class=\"wp-block-list\">\n<li>Fade (40 pages)<\/li>\n\n\n\n<li>Salvation (84 pages)<\/li>\n\n\n\n<li>Chaque exemplaire est sign\u00e9 et d\u00e9dicac\u00e9<\/li>\n\n\n\n<li>Prix raisonnables<\/li>\n\n\n\n<li>Livraison internationale (Mondial Relay ou La Poste selon les pays). Num\u00e9ro de suivi.<\/li>\n\n\n\n<li>R\u00e8glement via <a href=\"http:\/\/paypal.me\/photobylaurent\" data-type=\"link\" data-id=\"paypal.me\/photobylaurent\" target=\"_blank\" rel=\"noreferrer noopener\">mon compte Paypal professionnel<\/a>. Virement bancaire accept\u00e9s pour les pays europ\u00e9ens (cette solution gratuite m&rsquo;\u00e9vite de payer des frais Paypal).<\/li>\n<\/ul>\n\n\n\n<p><a href=\"https:\/\/www.photobylaurent.com\/index.php\/contact\/\" data-type=\"page\" data-id=\"5896\">Veuillez me contacter pour commander votre exemplaire<\/a><\/p>\n\n\n\n<p>Merci pour votre pr\u00e9sence !<\/p>\n\n\n\n<figure class=\"wp-block-image size-full\"><img loading=\"lazy\" decoding=\"async\" width=\"50\" height=\"26\" src=\"https:\/\/www.photobylaurent.com\/wp-content\/uploads\/2023\/05\/drapeau-1.jpg\" alt=\"English version\" class=\"wp-image-10213\"\/><\/figure>\n\n\n<p>I spent last months working on these booklets. They&rsquo;re now ready and available for sale. I&rsquo;d like to thank those who have already bought them. Thanks for your great support . A precious help for my work!<\/p>\n<p>These books are the final step in a photo project that took me 2 years to complete.<br \/>\u00ab\u00a0Fade and Salvation\u00a0\u00bb series have been very well reviewed (by the public, the press, exhibition sites) and will continue to be exhibited in 2023, 2024 and more.<\/p>\n<p>These items are totally self-published. No sponsors, crowdfunding, subsidies&#8230; It&rsquo;s a complete personal investment.<br \/>A challenge&#8230; A big bet!<\/p>\n<p>Few details:<\/p>\n<ul>\n<li>Fade (40 pages)<\/li>\n<li>Salvation (84 pages)<\/li>\n<li>Each copy is signed and dedicated<\/li>\n<li>Fair prices<\/li>\n<li>Worldwide delivery (Mondial Relay\/La Poste, according to the country). T<span class=\"HwtZe\"><span class=\"jCAhz ChMk0b\"><span class=\"ryNqvb\">racking number.<\/span><\/span><\/span><\/li>\n<li><span class=\"HwtZe\"><span class=\"jCAhz ChMk0b\"><span class=\"ryNqvb\">Payment via <a href=\"http:\/\/paypal.me\/photobylaurent\" target=\"_blank\" rel=\"noopener\">my professional PayPal account<\/a>.<\/span><\/span> <span class=\"jCAhz ChMk0b\"><span class=\"ryNqvb\">Bank transfer accepted for European countries (this free option saves me from paying Paypal fees)<\/span><\/span><\/span><\/li>\n<\/ul>\n<p><a href=\"https:\/\/www.photobylaurent.com\/index.php\/contact\/\">Please contact me to order your copy<\/a>. Thanks again for your support, you&rsquo;re the best!<\/p>\n<p><strong>T\u00e9moignage vid\u00e9o de Cristina, du Portugal. A beautiful testimonial from Cristina, Portugal.<\/strong><\/p>\n\n\n<figure class=\"wp-block-embed is-type-video is-provider-vimeo wp-block-embed-vimeo\"><div class=\"wp-block-embed__wrapper\">\n<iframe loading=\"lazy\" title=\"T\u00e9moignage\/Testimonial\" src=\"https:\/\/player.vimeo.com\/video\/883208404?dnt=1&amp;app_id=122963\" width=\"563\" height=\"1000\" frameborder=\"0\" allow=\"autoplay; fullscreen; picture-in-picture; clipboard-write; encrypted-media\"><\/iframe>\n<\/div><\/figure>\n","protected":false},"excerpt":{"rendered":"<p>J&rsquo;ai pass\u00e9 une partie de l&rsquo;ann\u00e9e 2023 \u00e0 travailler sur les deux livres de mon diptyque \u00ab\u00a0Fade &amp; Salvation\u00a0\u00bb. Ils sont disponibles \u00e0 la vente depuis septembre 2023. Je remercie tous ceux qui ont d\u00e9cid\u00e9 de se les procurer. C&rsquo;est un vrai plaisir de savoir qu&rsquo;ils ont rejoint les biblioth\u00e8ques d&rsquo;amateurs de livres et de photos aux 4 coins du monde (USA, France, Belgique, Portugal, Belgique, Espagne, Mexique&#8230;). Merci pour votre soutien, une aide pr\u00e9cieuse ainsi qu&rsquo;une belle reconnaissance pour [&hellip;]<\/p>\n","protected":false},"author":1,"featured_media":0,"parent":0,"menu_order":0,"comment_status":"closed","ping_status":"closed","template":"","meta":{"footnotes":""},"class_list":["post-10509","page","type-page","status-publish","hentry"],"_links":{"self":[{"href":"https:\/\/www.photobylaurent.com\/index.php\/wp-json\/wp\/v2\/pages\/10509"}],"collection":[{"href":"https:\/\/www.photobylaurent.com\/index.php\/wp-json\/wp\/v2\/pages"}],"about":[{"href":"https:\/\/www.photobylaurent.com\/index.php\/wp-json\/wp\/v2\/types\/page"}],"author":[{"embeddable":true,"href":"https:\/\/www.photobylaurent.com\/index.php\/wp-json\/wp\/v2\/users\/1"}],"replies":[{"embeddable":true,"href":"https:\/\/www.photobylaurent.com\/index.php\/wp-json\/wp\/v2\/comments?post=10509"}],"version-history":[{"count":19,"href":"https:\/\/www.photobylaurent.com\/index.php\/wp-json\/wp\/v2\/pages\/10509\/revisions"}],"predecessor-version":[{"id":10946,"href":"https:\/\/www.photobylaurent.com\/index.php\/wp-json\/wp\/v2\/pages\/10509\/revisions\/10946"}],"wp:attachment":[{"href":"https:\/\/www.photobylaurent.com\/index.php\/wp-json\/wp\/v2\/media?parent=10509"}],"curies":[{"name":"wp","href":"https:\/\/api.w.org\/{rel}","templated":true}]}}