{"id":9789,"date":"2022-09-10T15:53:30","date_gmt":"2022-09-10T13:53:30","guid":{"rendered":"http:\/\/www.photobylaurent.com\/?page_id=9789"},"modified":"2025-08-14T14:02:01","modified_gmt":"2025-08-14T12:02:01","slug":"a-propos","status":"publish","type":"page","link":"https:\/\/www.photobylaurent.com\/index.php\/a-propos\/","title":{"rendered":"Bio"},"content":{"rendered":"\n<figure class=\"wp-block-image size-large\"><img loading=\"lazy\" decoding=\"async\" width=\"1024\" height=\"723\" src=\"https:\/\/www.photobylaurent.com\/wp-content\/uploads\/2023\/05\/laurent_spadotto-photographe_bordeaux-1024x723.jpg\" alt=\"Laurent Spadotto, artiste photographe \u00e0 Bordeaux, France.\" class=\"wp-image-10236\" srcset=\"https:\/\/www.photobylaurent.com\/wp-content\/uploads\/2023\/05\/laurent_spadotto-photographe_bordeaux-1024x723.jpg 1024w, https:\/\/www.photobylaurent.com\/wp-content\/uploads\/2023\/05\/laurent_spadotto-photographe_bordeaux-300x212.jpg 300w, https:\/\/www.photobylaurent.com\/wp-content\/uploads\/2023\/05\/laurent_spadotto-photographe_bordeaux-768x543.jpg 768w, https:\/\/www.photobylaurent.com\/wp-content\/uploads\/2023\/05\/laurent_spadotto-photographe_bordeaux-1310x925.jpg 1310w, https:\/\/www.photobylaurent.com\/wp-content\/uploads\/2023\/05\/laurent_spadotto-photographe_bordeaux-800x565.jpg 800w, https:\/\/www.photobylaurent.com\/wp-content\/uploads\/2023\/05\/laurent_spadotto-photographe_bordeaux.jpg 1400w\" sizes=\"(max-width: 1024px) 100vw, 1024px\" \/><\/figure>\n\n\n\n<p><strong>Pour Laurent, la photo est un miroir ou une fen\u00eatre, souvent les deux.<\/strong><\/p>\n\n\n\n<p>N\u00e9 en 1972, Laurent vit \u00e0 Bordeaux. Auteur photographe autodidacte, il est passionn\u00e9 de litt\u00e9rature, d\u2019images fixes et anim\u00e9es. Au d\u00e9but des ann\u00e9es 2000, il a \u00e9crit et r\u00e9alis\u00e9 plusieurs courts-m\u00e9trages.<br><br>Apr\u00e8s une carri\u00e8re dans l\u2019univers du web, il a mis ses comp\u00e9tences au service de la communaut\u00e9 en cr\u00e9ant une webradio associative.<br><br>Apr\u00e8s 13 ans pass\u00e9s \u00e0 \u00e9couter et donner la parole \u00e0 diff\u00e9rents publics, il a ressenti le besoin de s\u2019exprimer \u00e0 nouveau.<br>En 2020, \u00e0 l\u2019aube de la cinquantaine, la crise sanitaire l\u2019a plong\u00e9 dans une longue r\u00e9flexion. Il a d\u00e9cid\u00e9 de changer de cap et d\u2019entreprendre une d\u00e9marche difficile mais n\u00e9cessaire pour redonner un sens \u00e0 sa vie : devenir artiste photographe professionnel.<br><br>Plut\u00f4t solitaire, il aime passer du temps en compagnie d\u2019amis qu\u2019il n\u2019a jamais rencontr\u00e9s. Une tribu h\u00e9t\u00e9roclite o\u00f9 se c\u00f4toient A. Titarenko, D. Arbus, D. Lynch, A. Hitchcock, The Cure, Nick Cave et bien d\u2019autres. Avec une affection toute particuli\u00e8re pour Jean Cocteau.<br><br>Tr\u00e8s t\u00f4t, il a suivi son conseil, \u00ab Ce que le public te reproche, cultive-le, c&rsquo;est toi. \u00bb.<br><br>Ses travaux ont rapidement conquis Instagram et l&rsquo;int\u00e9r\u00eat du public et des professionnels (presse, concours, lieux d\u2019expositions\u2026). Laurent vend r\u00e9guli\u00e8rement ses photos en \u00e9ditions limit\u00e9es en France et \u00e0 l\u2019international (en direct ou via www.photobylaurent.com).<br><br>Laurent est partenaire de <a href=\"https:\/\/www.rcefoto.com\/fr\/\" data-type=\"link\" data-id=\"https:\/\/www.rcefoto.com\/fr\/\" target=\"_blank\" rel=\"noreferrer noopener\">RCE foto, le plus grand march\u00e9 de mat\u00e9riel photo d&rsquo;occasion garanti<\/a>.<\/p>\n\n\n\n<p class=\"has-text-align-center\"><a href=\"https:\/\/www.instagram.com\/imagineandreveal\" target=\"_blank\" rel=\"noreferrer noopener\"><strong>&gt; Rejoignez-moi sur Instagram<\/strong><\/a><\/p>\n\n\n\n<figure class=\"wp-block-image size-full\"><img loading=\"lazy\" decoding=\"async\" width=\"50\" height=\"26\" src=\"https:\/\/www.photobylaurent.com\/wp-content\/uploads\/2023\/05\/drapeau-1.jpg\" alt=\"English version\" class=\"wp-image-10213\"\/><\/figure>\n\n\n\n<p><strong><em>F<\/em>or Laurent, a photo is a mirror or a window, often both.<\/strong><\/p>\n\n\n\n<p>Born in 1972, Laurent lives in Bordeaux. A self-taught photographer, he is passionate about literature, still and moving images. In the early 2000s, he wrote and directed several short films.<br><br>After a career in the web world, he put his skills at the service of the community by creating a non-profit webradio. After 13 years of listening and giving voice to different audiences, he felt the need to express himself again.<br><br>In 2020, at the dawn of his fifties, the pandemic plunged him into a long reflection. He decided to change course and to take a difficult but necessary step to give meaning to his life: to become a professional artist photographer.<br><br>Rather solitary, he likes to spend time in the company of friends he has never met. A heterogeneous tribe where A. Titarenko, D. Arbus, D. Lynch, A. Hitchcock, The Cure, Nick Cave and many others. With a special affection for Jean Cocteau. Very early on, he followed his advice, \u00ab&nbsp;What the public reproaches you for, cultivate it, that&rsquo;s you&nbsp;\u00bb.<br><br>His work has quickly conquered Instagram and the interest of the public and professionals (press, galleries contests, festivals\u2026). Laurent regularly sells his photos in limited editions to clients in France and worldwide ( live or online at www.photobylaurent.com).<\/p>\n\n\n\n<p>Laurent is in partnership with <a href=\"https:\/\/www.rcefoto.com\" target=\"_blank\" rel=\"noreferrer noopener\">RCE Foto, <strong>the largest GUARANTEED second-hand photography market<\/strong><\/a>!<\/p>\n\n\n\n<p class=\"has-text-align-center\"><a href=\"https:\/\/www.instagram.com\/imagineandreveal\" target=\"_blank\" rel=\"noreferrer noopener\"><strong>&gt; Follow me on Instagram<\/strong><\/a><\/p>\n\n\n\n<p><\/p>\n","protected":false},"excerpt":{"rendered":"<p>Pour Laurent, la photo est un miroir ou une fen\u00eatre, souvent les deux. N\u00e9 en 1972, Laurent vit \u00e0 Bordeaux. Auteur photographe autodidacte, il est passionn\u00e9 de litt\u00e9rature, d\u2019images fixes et anim\u00e9es. Au d\u00e9but des ann\u00e9es 2000, il a \u00e9crit et r\u00e9alis\u00e9 plusieurs courts-m\u00e9trages. Apr\u00e8s une carri\u00e8re dans l\u2019univers du web, il a mis ses comp\u00e9tences au service de la communaut\u00e9 en cr\u00e9ant une webradio associative. Apr\u00e8s 13 ans pass\u00e9s \u00e0 \u00e9couter et donner la parole \u00e0 diff\u00e9rents publics, il [&hellip;]<\/p>\n","protected":false},"author":1,"featured_media":0,"parent":0,"menu_order":0,"comment_status":"closed","ping_status":"closed","template":"","meta":{"footnotes":""},"class_list":["post-9789","page","type-page","status-publish","hentry"],"_links":{"self":[{"href":"https:\/\/www.photobylaurent.com\/index.php\/wp-json\/wp\/v2\/pages\/9789"}],"collection":[{"href":"https:\/\/www.photobylaurent.com\/index.php\/wp-json\/wp\/v2\/pages"}],"about":[{"href":"https:\/\/www.photobylaurent.com\/index.php\/wp-json\/wp\/v2\/types\/page"}],"author":[{"embeddable":true,"href":"https:\/\/www.photobylaurent.com\/index.php\/wp-json\/wp\/v2\/users\/1"}],"replies":[{"embeddable":true,"href":"https:\/\/www.photobylaurent.com\/index.php\/wp-json\/wp\/v2\/comments?post=9789"}],"version-history":[{"count":13,"href":"https:\/\/www.photobylaurent.com\/index.php\/wp-json\/wp\/v2\/pages\/9789\/revisions"}],"predecessor-version":[{"id":11010,"href":"https:\/\/www.photobylaurent.com\/index.php\/wp-json\/wp\/v2\/pages\/9789\/revisions\/11010"}],"wp:attachment":[{"href":"https:\/\/www.photobylaurent.com\/index.php\/wp-json\/wp\/v2\/media?parent=9789"}],"curies":[{"name":"wp","href":"https:\/\/api.w.org\/{rel}","templated":true}]}}