{"id":9937,"date":"2022-11-24T14:06:26","date_gmt":"2022-11-24T13:06:26","guid":{"rendered":"https:\/\/www.photobylaurent.com\/index.php\/boutique\/"},"modified":"2023-06-14T19:13:32","modified_gmt":"2023-06-14T17:13:32","slug":"boutique","status":"publish","type":"page","link":"https:\/\/www.photobylaurent.com\/index.php\/boutique\/","title":{"rendered":"Boutique &#8211; Editions Limit\u00e9es"},"content":{"rendered":"\n<p>Je vous remercie pour l\u00a0\u00bbint\u00e9r\u00eat port\u00e9 \u00e0 mon travail. Mes photos (ainsi que celles partag\u00e9es sur mon compte Instagram) sont disponibles \u00e0 la vente en \u00e9dition limit\u00e9e \u00e0 <strong>30 exemplaires<\/strong> (ou moins selon les projets).<br><br>&#8211; <strong>Tirages num\u00e9rot\u00e9s et sign\u00e9s<\/strong>.<br>&#8211; Votre oeuvre est livr\u00e9e avec un<strong> certificat d&rsquo;authenticit\u00e9<\/strong> <strong>sign\u00e9<\/strong>.<br><br>-Tirages sur papier Fine Art Canson BFK Rives Pure White 310g. Produits \u00e0 Bordeaux, en partenariat avec un laboratoire sp\u00e9cialis\u00e9 dans l&rsquo;impression de tirages d&rsquo;art.<br>&#8211; Impression PIEZOGRAPHY (encres pigmentaires au charbon) pour un noir et blanc in\u00e9gal\u00e9.<br>&#8211; Contrecollage sur Alu Dibond, support rigide ind\u00e9formable. Le contrecollage du tirage sur Alu Dibond permet d&rsquo;accrocher la photo au mur, sans encadrement ni verre. Une mise en valeur tr\u00e8s appr\u00e9ci\u00e9e des galeries, mus\u00e9es et collectionneurs. J&rsquo;utilise ce support lors de mes expositions.<br>&#8211; Encadrement en caisse am\u00e9ricaine<\/p>\n\n\n\n<p><strong>Vous avez un coup de coeur pour une oeuvre<\/strong> et vous souhaitez vous l&rsquo;offrir dans un format diff\u00e9rent ? C&rsquo;est possible, il suffit de <a href=\"https:\/\/www.photobylaurent.com\/index.php\/contact\/\" target=\"_blank\" rel=\"noreferrer noopener\">me contacter<\/a>.<\/p>\n\n\n<!-- Ecwid shopping cart plugin v 6.11.3 --><!--noptimize--><script type=\"text\/javascript\">if (typeof jQuery !== undefined && jQuery.mobile) { jQuery.mobile.hashListeningEnabled = false; jQuery.mobile.pushStateEnabled=false; }<\/script><!--\/noptimize--><div class=\"ecwid-shopping-cart-categories\"><div id=\"ecwid-shopping-cart-categories-1\"><\/div><\/div>\t\t\t<!--noptimize-->\n\t\t\t<script data-cfasync=\"false\" data-no-optimize=\"1\" type=\"text\/javascript\">\n\t\t\twindow._xnext_initialization_scripts = window._xnext_initialization_scripts || [];\n\t\t\twindow._xnext_initialization_scripts.push({widgetType: 'CategoriesV2', id: 'ecwid-shopping-cart-categories-1', arg: [\"id=ecwid-shopping-cart-categories-1\"]});\n\t\t\t<\/script>\n\t\t\t<!--\/noptimize-->\n\t\t\t<!-- END Ecwid Shopping Cart v 6.11.3 -->\t\t<script data-cfasync=\"false\" data-no-optimize=\"1\" type=\"text\/javascript\">\n\t\t\twindow.ec.storefront = window.ec.storefront || {};\n\t\t\twindow.ec.storefront.staticPages = window.ec.storefront.staticPages || Object();\n\n\t\t\tec.storefront.staticPages.staticStorefrontEnabled = true;\n\t\t\tec.storefront.staticPages.staticContainerID = 'static-ec-store-container';\n\t\t\tec.storefront.staticPages.dynamicContainerID = 'dynamic-ec-store-container';\n\t\t\tec.storefront.staticPages.autoSwitchStaticToDynamicWhenReady = true;\n\t\t\t\t\t\tec.storefront.staticPages.lazyLoading = {\n\t\t\t\tscriptJsLink: 'https:\/\/app.ecwid.com\/script.js?82720543&data_platform=wporg&lang=fr',\n\t\t\t\txProductBrowserArguments: [\"id=dynamic-ec-store\",\"views=grid(20,3) list(60) table(60)\",\"default_page=\"]\n\t\t\t}\n\t\t\t\t\t<\/script>\n\t\t<div id=\"static-ec-store-container\"><div class=\"static-content\"><div lang=\"fr\" class=\"ec-storefront-v3-ssr ecwid-no-touch ecwid-supports-cssanimations ec-size ec-size--xxs ec-size--xs ec-size--s ec-size--m ec-size--l ec-size--xl ecwid-responsive ecwid-no-dragndrop\" style=\"opacity:0;\"><a id=\"ec-storefront-v3-top-scroller\" style=\"width:0;height:0;position:absolute;display:block;\"><\/a><!--[--><div><!----><div><div><div class=\"ecwid-maintenance-wrapper\"><\/div><div class=\"td\"><span class=\"ecwid-categories-category ecwid-maintenance-popup\"><span class=\"ecwid-maintenance-message\"><span class=\"gwt-InlineHTML\">La boutique est ferm\u00e9e pour cause de maintenance<\/span><\/span><\/span><\/div><\/div><\/div><!----><\/div><!--]--><style> .ec-store * {\n      transition: none !important;\n    }<\/style><\/div><\/div><script id=\"ec-static-inline-js\" data-cfasync=\"false\" data-no-optimize=\"1\" type=\"text\/javascript\">var EcStaticPageUtils = (function () {\nfunction isEmpty(str) {\nreturn (!str || 0 === str.length);\n}\nfunction isNotEmpty(str) {\nreturn !isEmpty(str);\n}\nfunction findFirstNotEmpty(urlArray) {\nif (!urlArray) {\nreturn \"\";\n}\nfor (var i = 0; i < urlArray.length; i++) {\nif (isNotEmpty(urlArray[i])) {\nreturn urlArray[i];\n}\n}\nreturn \"\";\n}\nreturn {\nfindFirstNotEmpty: function(urlArray) { return findFirstNotEmpty(urlArray); },\nisEmpty: function(str) { return isEmpty(str); },\nisNotEmpty: function(str) { return isNotEmpty(str); }\n};\n}) ();\nvar LanguageUtils = (function () {\nfunction isEnglish(languageCode) {\nreturn languageCode === \"en\";\n}\nfunction isItalian(languageCode) {\nreturn languageCode === \"it\";\n}\nfunction isGerman(languageCode) {\nreturn languageCode === \"de\";\n}\nfunction isPolish(languageCode) {\nreturn languageCode === \"pl\";\n}\nfunction isFrench(languageCode) {\nreturn languageCode === \"fr\";\n}\nfunction isSpanish(languageCode) {\nreturn languageCode === \"es\";\n}\nfunction isBulgarian(languageCode) {\nreturn languageCode === \"bg\";\n}\nfunction isCroatian(languageCode) {\nreturn languageCode === \"hr\";\n}\nfunction isCzech(languageCode) {\nreturn languageCode === \"cs\";\n}\nfunction isDanish(languageCode) {\nreturn languageCode === \"da\";\n}\nfunction isEstonian(languageCode) {\nreturn languageCode === \"et\";\n}\nfunction isFinnish(languageCode) {\nreturn languageCode === \"fi\";\n}\nfunction isGreek(languageCode) {\nreturn languageCode === \"el\";\n}\nfunction isHungarian(languageCode) {\nreturn languageCode === \"hu\";\n}\nfunction isLatvian(languageCode) {\nreturn languageCode === \"lv\";\n}\nfunction isLithuanian(languageCode) {\nreturn languageCode === \"lt\";\n}\nfunction isDutch(languageCode) {\nreturn languageCode === \"nl\";\n}\nfunction isPortuguese(languageCode) {\nreturn languageCode === \"pt\";\n}\nfunction isRomanian(languageCode) {\nreturn languageCode === \"ro\";\n}\nfunction isSlovak(languageCode) {\nreturn languageCode === \"sk\";\n}\nfunction isSlovenian(languageCode) {\nreturn languageCode === \"sl\";\n}\nfunction isSwedish(languageCode) {\nreturn languageCode === \"sv\";\n}\nreturn {\nisEnglish: function(language) { return isEnglish(language); },\nisItalian: function(language) { return isItalian(language); },\nisGerman: function(language) { return isGerman(language); },\nisPolish: function(language) { return isPolish(language); },\nisFrench: function(language) { return isFrench(language); },\nisSpanish: function(language) { return isSpanish(language); },\nisBulgarian: function(language) { return isBulgarian(language); },\nisCroatian: function(language) { return isCroatian(language); },\nisCzech: function(language) { return isCzech(language); },\nisDanish: function(language) { return isDanish(language); },\nisEstonian: function(language) { return isEstonian(language); },\nisFinnish: function(language) { return isFinnish(language); },\nisGreek: function(language) { return isGreek(language); },\nisHungarian: function(language) { return isHungarian(language); },\nisLatvian: function(language) { return isLatvian(language); },\nisLithuanian: function(language) { return isLithuanian(language); },\nisDutch: function(language) { return isDutch(language); },\nisPortuguese: function(language) { return isPortuguese(language); },\nisRomanian: function(language) { return isRomanian(language); },\nisSlovak: function(language) { return isSlovak(language); },\nisSlovenian: function(language) { return isSlovenian(language); },\nisSwedish: function(language) { return isSwedish(language); }\n};\n}) ();\n(function processProductPictures() {\nvar productsPicturesData = buildProductPicturesData();\nvar lastWidth = document.body.clientWidth;\nfunction buildProductPicturesData() {\nreturn [ ];\n}\nfunction addSrcSetAttribute(element, retinaThumbnailUrl) {\nif (!element) {\nreturn;\n}\nvar thumbnailUrl = element.getAttribute('src');\nvar srcSetAttribute;\nif (EcStaticPageUtils.isNotEmpty(thumbnailUrl) && EcStaticPageUtils.isNotEmpty(retinaThumbnailUrl)) {\nsrcSetAttribute = thumbnailUrl + \" 1x, \" + retinaThumbnailUrl + \" 2x\";\n} else if (EcStaticPageUtils.isNotEmpty(thumbnailUrl)) {\nsrcSetAttribute = thumbnailUrl + \" 1x\";\n} else if (EcStaticPageUtils.isNotEmpty(retinaThumbnailUrl)) {\nsrcSetAttribute = retinaThumbnailUrl + \" 2x\";\n}\nif (srcSetAttribute) {\nvar lazyLoadingEnabled = \"false\";\nif (lazyLoadingEnabled === \"true\") {\nelement.setAttribute(\"data-srcset\", srcSetAttribute);\n} else {\nelement.setAttribute(\"srcset\", srcSetAttribute);\n}\n}\n}\nfunction setBackgroundImageStyle(element, thumbnailUrl, retinaThumbnailUrl, borderInfo) {\nif (!element || !borderInfo || (EcStaticPageUtils.isEmpty(thumbnailUrl) && EcStaticPageUtils.isEmpty(retinaThumbnailUrl))) {\nreturn;\n}\nvar notEmptyRetinaThumbnailUrl = retinaThumbnailUrl;\nif (EcStaticPageUtils.isEmpty(retinaThumbnailUrl)) {\nnotEmptyRetinaThumbnailUrl = thumbnailUrl;\n}\nelement.setAttribute(\"style\", \"background-image: url(\"\n+ thumbnailUrl\n+ \"); background-image: -webkit-image-set(url(\"\n+ thumbnailUrl\n+ \") 1x, url(\"\n+ notEmptyRetinaThumbnailUrl\n+ \") 2x); background-image: -moz-image-set(url(\"\n+ thumbnailUrl\n+ \") 1x, url(\"\n+ notEmptyRetinaThumbnailUrl\n+ \") 2x); background-image: -o-image-set(url(\"\n+ thumbnailUrl\n+ \") 1x, url(\"\n+ notEmptyRetinaThumbnailUrl\n+ \") 2x); background-image: -ms-image-set(url(\"\n+ thumbnailUrl\n+ \") 1x, url(\"\n+ notEmptyRetinaThumbnailUrl\n+ \") 2x);\"\n+ backgroundColor(borderInfo));\n}\nfunction backgroundColor(borderInfo) {\nif (borderInfo.alpha == 0) {\nreturn \"\";\n}\nreturn \" background-color: rgba\" + \"(\" + borderInfo.red + \", \"\n+ borderInfo.green\n+ \", \" + borderInfo.blue + \", 1)\"\n}\nfunction hdProductImage(pictureModel) {\nvar imageSize = \"SMALL\";\nvar browserWidth = document.body.clientWidth;\nswitch (imageSize) {\ncase \"SMALL\":\nif (browserWidth < 520) {\nreturn hdThumbnailUrl(pictureModel);\n}\nreturn thumbnailUrl(pictureModel);\ncase \"MEDIUM\":\nreturn hdThumbnailUrl(pictureModel);\ncase \"LARGE\":\nreturn pictureUrl(pictureModel);\n}\n}\nfunction productImage(pictureModel) {\nvar imageSize = \"SMALL\";\nswitch (imageSize) {\ncase \"SMALL\":\ncase \"MEDIUM\":\nreturn thumbnailUrl(pictureModel);\ncase \"LARGE\":\nreturn hdThumbnailUrl(pictureModel);\n}\n}\nfunction hdThumbnailUrl(pictureModel) {\nvar urls = [\npictureModel.hdThumbnailUrl,\npictureModel.thumbnailUrl,\npictureModel.pictureUrl,\npictureModel.originalImageUrl\n];\nreturn EcStaticPageUtils.findFirstNotEmpty(urls);\n}\nfunction thumbnailUrl(pictureModel) {\nvar urls = [\npictureModel.thumbnailUrl,\npictureModel.hdThumbnailUrl,\npictureModel.pictureUrl,\npictureModel.originalImageUrl\n];\nreturn EcStaticPageUtils.findFirstNotEmpty(urls);\n}\nfunction pictureUrl(pictureModel) {\nvar urls = [\npictureModel.pictureUrl,\npictureModel.hdThumbnailUrl,\npictureModel.originalImageUrl,\npictureModel.thumbnailUrl\n];\nreturn EcStaticPageUtils.findFirstNotEmpty(urls);\n}\nfunction process() {\nif (window.ec && window.ec.storefront && window.ec.storefront.staticPages && window.ec.storefront.staticPages.staticContainerID) {\nvar staticContainer = document.querySelector('#' + window.ec.storefront.staticPages.staticContainerID);\nif (staticContainer == null) {\nwindow.removeEventListener(\"resize\", onResize);\nreturn;\n}\n}\nvar pictureElements = document.querySelectorAll('.grid-product__image');\nif (productsPicturesData.length !== pictureElements.length) {\nreturn;\n}\nproductsPicturesData.forEach(function (item, i) {\nvar imageWrapper = document.querySelector(\".grid-product__image[data-product-id='\" + item.id + \"']\");\nvar pictureElement = imageWrapper.querySelector('.grid-product__picture');\nvar additionalPictureElement = imageWrapper.querySelector('.grid-product__picture-additional');\naddSrcSetAttribute(pictureElement, hdProductImage(item));\nif (additionalPictureElement != null && item.additionalImage != undefined) {\nsetBackgroundImageStyle(additionalPictureElement, productImage(item.additionalImage), hdProductImage(item.additionalImage), item.additionalImage.borderInfo);\n}\n});\n}\nfunction onResize() {\nif (document.body.clientWidth !== lastWidth) {\nlastWidth = document.body.clientWidth;\nprocess();\n}\n}\nwindow.addEventListener(\"resize\", onResize);\nprocess();\n})();\n(function processRibbonColor() {\nfunction getColorValues(color) {\nif (!color)\nreturn;\nif (color.toLowerCase() === 'transparent')\nreturn [0, 0, 0, 0];\nif (color[0] === '#') {\nif (color.length == 6)\nreturn;\nif (color.length < 7) {\nvar r = color[1],\ng = color[2],\nb = color[3],\na = color[4];\ncolor = '#' + r + r + g + g + b + b + (color.length > 4 ? a + a : '');\n}\nreturn [\nparseInt(color.substr(1, 2), 16),\nparseInt(color.substr(3, 2), 16),\nparseInt(color.substr(5, 2), 16),\ncolor.length > 7 ? parseInt(color.substr(7, 2), 16)\/255 : 1\n];\n}\nif (color.indexOf('rgb') === -1) {\nvar tmp = document.body.appendChild(document.createElement('fictum'));\nvar flag = 'rgb(1, 2, 3)';\ntmp.style.color = flag;\nif (tmp.style.color !== flag)\nreturn;\ntmp.style.color = color;\nif (tmp.style.color === flag || tmp.style.color === '')\nreturn;\ncolor = getComputedStyle(tmp).color;\ndocument.body.removeChild(tmp);\n}\nif (color.indexOf('rgb') === 0) {\nif (color.indexOf('rgba') === -1)\ncolor += ',1';\nreturn color.match(\/[\\.\\d]+\/g).map(function (a) {\nreturn +a\n});\n}\n}\nfunction isColorDark(color) {\nvar c = getColorValues(color);\nvar hsp = Math.sqrt(\n0.299 * (c[0] * c[0]) +\n0.587 * (c[1] * c[1]) +\n0.114 * (c[2] * c[2])\n);\nreturn !!(hsp <= 200);\n}\nfunction process() {\nvar ribbonElements = document.querySelectorAll('.grid-product__label');\nif (ribbonElements) {\nribbonElements.forEach(function (item, i) {\nvar ribbonElement = ribbonElements[i].querySelector('.ec-label');\nvar color = ribbonElement.style.color;\nif (color) {\nribbonElement.classList.toggle('label--inversed', !isColorDark(color));\n}\n});\n}\n}\nprocess();\n})();\n(function processCategoryPictures() {\nvar categoryPicturesData = buildCategoryPicturesData();\nvar lastWidth = document.body.clientWidth;\nvar sizeBorder = 400;\nfunction buildCategoryPicturesData() {\nreturn [\n];\n}\nfunction categoryImage(pictureModel) {\nvar imageSize = \"SMALL\";\nswitch (imageSize) {\ncase \"SMALL\":\ncase \"MEDIUM\":\nreturn thumbnailUrl(pictureModel);\ncase \"LARGE\":\nreturn hdThumbnailUrl(pictureModel);\n}\n}\nfunction hdCategoryImage(pictureModel) {\nvar imageSize = \"SMALL\";\nvar browserWidth = document.body.clientWidth;\nswitch (imageSize) {\ncase \"SMALL\":\nif (browserWidth < 520) {\nreturn hdThumbnailUrl(pictureModel);\n}\nreturn thumbnailUrl(pictureModel);\ncase \"MEDIUM\":\nreturn hdThumbnailUrl(pictureModel);\ncase \"LARGE\":\nif (browserWidth < 1060) {\nreturn hdThumbnailUrl(pictureModel);\n}\nreturn mainImageUrl(pictureModel)\n}\n}\nfunction hdThumbnailUrl(pictureModel) {\nvar urls = [\npictureModel.hdThumbnailUrl,\npictureModel.mainImageUrl,\npictureModel.originalImageUrl,\npictureModel.pictureUrl\n];\nreturn EcStaticPageUtils.findFirstNotEmpty(urls);\n}\nfunction mainImageUrl(pictureModel) {\nvar urls = [\npictureModel.mainImageUrl,\npictureModel.originalImageUrl,\npictureModel.pictureUrl\n];\nreturn EcStaticPageUtils.findFirstNotEmpty(urls);\n}\nfunction thumbnailUrl(pictureModel) {\nif (pictureModel.pictureWidth < sizeBorder && pictureModel.pictureHeight < sizeBorder) {\nreturn hdThumbnailUrl(pictureModel);\n} else {\nreturn pictureModel.pictureUrl;\n}\n}\nfunction process() {\nvar categoryImageElements = document.querySelectorAll('.grid-category__image');\nif (categoryImageElements.length !== categoryPicturesData.length) {\nreturn;\n}\ncategoryPicturesData.forEach(function (item, i) {\nvar categoryImageUrl = categoryImage(item);\nvar hdCategoryImageUrl = hdCategoryImage(item);\nvar categoryPictureElements = categoryImageElements[i].querySelectorAll('.grid-category__picture-img');\ncategoryPictureElements.forEach(function (element, j) {\naddSrcSetAttribute(element, categoryImageUrl, hdCategoryImageUrl);\n});\n});\n}\nfunction addSrcSetAttribute(element, thumbnailUrl, retinaThumbnailUrl) {\nif (!element) {\nreturn;\n}\nvar srcSetAttribute;\nif (EcStaticPageUtils.isNotEmpty(thumbnailUrl) && EcStaticPageUtils.isNotEmpty(retinaThumbnailUrl)) {\nsrcSetAttribute = thumbnailUrl + \" 1x, \" + retinaThumbnailUrl + \" 2x\";\n} else if (EcStaticPageUtils.isNotEmpty(thumbnailUrl)) {\nsrcSetAttribute = thumbnailUrl + \" 1x\";\n} else if (EcStaticPageUtils.isNotEmpty(retinaThumbnailUrl)) {\nsrcSetAttribute = retinaThumbnailUrl + \" 2x\";\n}\nif (srcSetAttribute) {\nvar lazyLoadingEnabled = \"false\";\nif (lazyLoadingEnabled === \"true\") {\nelement.setAttribute(\"data-srcset\", srcSetAttribute);\n} else {\nelement.setAttribute(\"srcset\", srcSetAttribute);\n}\n}\n}\nfunction onResize() {\nif (document.body.clientWidth !== lastWidth) {\nlastWidth = document.body.clientWidth;\nprocess();\n}\n}\nwindow.addEventListener(\"resize\", onResize);\nprocess();\n})();\n(function() {\nwindow.ec = window.ec || {};\nif (window.ec.static_category_evaluated === true) {\nreturn;\n}\nwindow.ec.static_category_evaluated = true;\nvar Grid = function() {\nvar params = {\nproductListImageSize : \"SMALL\",\ncategoryImageSize : \"SMALL\",\nproductCellSpacing : \"\",\ncategoryCellSpacing : \"\"\n};\nvar settings = {\nproductBreakpoints: {\nLARGE : [0, 680, 1060, 1440, 10000],\nMEDIUM : [0, 260, 680, 1060, 1370, 1700, 10000],\nSMALL : [0, 260, 520, 680, 870, 1060, 1280, 1450, 1750, 10000]\n},\ncategoryBreakpoints: {\nLARGE : [0, 680, 1060, 1440, 10000],\nMEDIUM : [0, 480, 680, 1060, 1370, 1700, 10000],\nSMALL : [0, 390, 520, 680, 870, 1060, 1280, 1450, 1750, 10000]\n}\n};\nfunction setAttributes(grids, breakpoints) {\nif (!grids) {\nreturn;\n}\ngrids.forEach(function (grid) {\nvar w = grid.offsetWidth;\nvar columnCount = 0;\nfor (var i = 1; i <= breakpoints.length; i++) {\nif (w < Math.ceil(breakpoints[i])) {\nif (i !== columnCount) {\ncolumnCount = i;\ngrid.setAttribute('data-cols', i);\n}\nbreak;\n}\n}\n});\n}\nfunction checkProductGridsLayout() {\nvar productGrids = document.querySelectorAll('.grid__products');\nvar productBreakpoints = settings.productBreakpoints[params.productListImageSize];\nsetAttributes(productGrids, productBreakpoints);\n}\nfunction checkCategoryGridsLayout() {\nvar categoryGrids = document.querySelectorAll('.grid__categories');\nvar categoryBreakpoints = settings.categoryBreakpoints[params.categoryImageSize];\nsetAttributes(categoryGrids, categoryBreakpoints);\n}\nfunction checkLayout() {\ncheckProductGridsLayout();\ncheckCategoryGridsLayout();\n}\nfunction setCellInterval(p, c) {\nvar style = document.getElementById('customCss') || document.createElement('div');\nstyle.id = 'customCss';\ndocument.body.appendChild(style);\nvar css = '';\nif (+p == p && p != \"\" ) {\np = +p;\ncss += '.ec-size .ec-store .grid__products { margin-left: -' + Math.max(0, p\/2 - .4) + 'px; margin-right: -' + p\/2 + 'px; }';\ncss += '.ec-size .ec-store .grid__products .grid-product__wrap { padding: ' + p\/2 + 'px; }';\ncss += '.ec-size:not(.ec-size--s) .ec-store .grid__products { margin-left: -' + Math.max(0, Math.min(16, p) \/ 2 - .4) + 'px; margin-right: -' + Math.min(16, p) \/ 2 + 'px; }';\ncss += '.ec-size:not(.ec-size--s) .ec-store .grid__products .grid-product__wrap { padding: ' + Math.min(16, p) \/ 2 + 'px; }';\n}\nif (+c == c && c != \"\") {\nc = +c;\ncss += '.ec-size .ec-store .grid__categories { margin-left: -' + Math.max(0, c\/2 - .4) + 'px; margin-right: -' + c\/2 + 'px; }';\ncss += '.ec-size .ec-store .grid-category__wrap { padding: ' + c\/2 + 'px; }';\ncss += '.ec-size:not(.ec-size--s) .ec-store .grid__categories { margin-left: -' + Math.max(0, Math.min(16, c) \/ 2 - .4) + 'px; margin-right: -' + Math.min(16, c) \/ 2 + 'px; }';\ncss += '.ec-size:not(.ec-size--s) .ec-store .grid__categories .grid-category__wrap { padding: ' + Math.min(16, c) \/ 2 + 'px; }';\n}\nstyle.innerHTML = '<style>' + css + '<\/style>';\n}\nfunction init() {\nsetCellInterval(params.productCellSpacing, params.categoryCellSpacing);\ncheckLayout();\nwindow.addEventListener('resize', function() {\ncheckLayout();\n});\n}\ninit();\n};\nvar ecwidContainer = document.querySelector('.static-content .ec-size');\nvar breakpoints = {\n320: 'ec-size--xxs',\n414: 'ec-size--xs',\n480: 'ec-size--s',\n768: 'ec-size--m',\n1024: 'ec-size--l',\n1100: 'ec-size--xl',\n1440: 'ec-size--xxl'\n};\nfunction onResize() {\nvar w = ecwidContainer.offsetWidth;\nfor (var i in breakpoints) {\nif (w >= i) {\necwidContainer.classList.add(breakpoints[i]);\n}\nelse {\necwidContainer.classList.remove(breakpoints[i]);\n}\n}\n}\nonResize();\nwindow.addEventListener('load', onResize);\nwindow.addEventListener('resize', onResize);\nvar links = document.querySelectorAll(\".static-content a\");\nfor (var i = 0; i < links.length; i++) {\nvar link = links[i];\nlink.addEventListener('click',function(){\ndocument.querySelector('.ec-static-container').classList.add(\"static-content__wait\");\n})\n}\nvar grid = new Grid();\n})();<\/script>\n<\/div><div id=\"dynamic-ec-store-container\"><div id=\"dynamic-ec-store\"><\/div><\/div>\n<script data-cfasync=\"false\" data-no-optimize=\"1\" type=\"text\/javascript\">\n        if( typeof window.ec.storefront.staticPages != \"undefined\" && typeof window.ec.storefront.staticPages.forceDynamicLoadingIfRequired != \"undefined\" ) {\n            window.ec.storefront.staticPages.forceDynamicLoadingIfRequired();\n        }\n        <\/script><script data-cfasync=\"false\" type=\"text\/javascript\">\nwindow.ec = window.ec || Object();\nwindow.ec.storefront = window.ec.storefront || Object();\nwindow.ec.storefront.product_list_show_additional_image_on_hover=true;\nwindow.ec.storefront.show_footer_menu=false;\n<\/script>\n","protected":false},"excerpt":{"rendered":"<p>Je vous remercie pour l\u00a0\u00bbint\u00e9r\u00eat port\u00e9 \u00e0 mon travail. Mes photos (ainsi que celles partag\u00e9es sur mon compte Instagram) sont disponibles \u00e0 la vente en \u00e9dition limit\u00e9e \u00e0 30 exemplaires (ou moins selon les projets). &#8211; Tirages num\u00e9rot\u00e9s et sign\u00e9s.&#8211; Votre oeuvre est livr\u00e9e avec un certificat d&rsquo;authenticit\u00e9 sign\u00e9. -Tirages sur papier Fine Art Canson BFK Rives Pure White 310g. Produits \u00e0 Bordeaux, en partenariat avec un laboratoire sp\u00e9cialis\u00e9 dans l&rsquo;impression de tirages d&rsquo;art.&#8211; Impression PIEZOGRAPHY (encres pigmentaires au charbon) [&hellip;]<\/p>\n","protected":false},"author":1,"featured_media":0,"parent":0,"menu_order":0,"comment_status":"closed","ping_status":"closed","template":"","meta":{"footnotes":""},"class_list":["post-9937","page","type-page","status-publish","hentry"],"_links":{"self":[{"href":"https:\/\/www.photobylaurent.com\/index.php\/wp-json\/wp\/v2\/pages\/9937"}],"collection":[{"href":"https:\/\/www.photobylaurent.com\/index.php\/wp-json\/wp\/v2\/pages"}],"about":[{"href":"https:\/\/www.photobylaurent.com\/index.php\/wp-json\/wp\/v2\/types\/page"}],"author":[{"embeddable":true,"href":"https:\/\/www.photobylaurent.com\/index.php\/wp-json\/wp\/v2\/users\/1"}],"replies":[{"embeddable":true,"href":"https:\/\/www.photobylaurent.com\/index.php\/wp-json\/wp\/v2\/comments?post=9937"}],"version-history":[{"count":28,"href":"https:\/\/www.photobylaurent.com\/index.php\/wp-json\/wp\/v2\/pages\/9937\/revisions"}],"predecessor-version":[{"id":10408,"href":"https:\/\/www.photobylaurent.com\/index.php\/wp-json\/wp\/v2\/pages\/9937\/revisions\/10408"}],"wp:attachment":[{"href":"https:\/\/www.photobylaurent.com\/index.php\/wp-json\/wp\/v2\/media?parent=9937"}],"curies":[{"name":"wp","href":"https:\/\/api.w.org\/{rel}","templated":true}]}}